{"id":2099,"date":"2022-07-12T14:53:53","date_gmt":"2022-07-12T18:53:53","guid":{"rendered":"https:\/\/kencapling.com\/my-account\/"},"modified":"2022-09-07T21:29:34","modified_gmt":"2022-09-08T01:29:34","slug":"my-account","status":"publish","type":"page","link":"https:\/\/kencapling.com\/fr\/my-account\/","title":{"rendered":"Mon Compte"},"content":{"rendered":"<div>\n<p>        <img decoding=\"async\" src=\"\/wp-content\/uploads\/2022\/07\/forest-floor-e1657747497926.jpg\" alt=\"forest floor with sun peaking through trees\"><\/p>\n<h1><span style=\"color:rgb(255, 255, 255, 0.9); text-shadow: 2px 2px #3f482d\">Mon compte<\/span><\/h1>\n<\/div>\n<div><div class=\"woocommerce\"><\/div><\/div>\n<p><!--more--><br \/>\n<!-- {\"name\":\"Cart Layout\",\"type\":\"layout\",\"children\":[{\"type\":\"section\",\"props\":{\"style\":\"default\",\"width\":\"xlarge\",\"vertical_align\":\"middle\",\"title_position\":\"top-left\",\"title_rotation\":\"left\",\"title_breakpoint\":\"xl\",\"image_position\":\"center-center\"},\"children\":[{\"type\":\"row\",\"children\":[{\"type\":\"column\",\"props\":{\"position_sticky_breakpoint\":\"m\",\"image_position\":\"center-center\",\"media_overlay_gradient\":\"\"},\"children\":[{\"name\":\"Overlay Text Light Left Center\",\"type\":\"overlay\",\"children\":null,\"props\":{\"link_text\":\"View Collection\",\"overlay_mode\":\"cover\",\"overlay_hover\":false,\"overlay_style\":\"\",\"text_color\":\"light\",\"overlay_position\":\"center-left\",\"overlay_transition\":\"fade\",\"title_hover_style\":\"reset\",\"title_element\":\"h1\",\"meta_style\":\"meta\",\"meta_align\":\"below-title\",\"meta_element\":\"div\",\"link_style\":\"text\",\"text_align\":\"\",\"margin\":\"\",\"image\":\"wp-content\\\/uploads\\\/2022\\\/07\\\/forest-floor-e1657747497926.jpg\",\"image_width\":\"2560\",\"title\":\"<span style=\\\"color:rgb(255, 255, 255, 0.9); text-shadow: 2px 2px #3f482d\\\">Mon compte<\\\/span>\",\"content\":\"\",\"title_style\":\"heading-medium\",\"overlay_maxwidth\":\"large\",\"content_margin\":\"small\",\"link\":\"\",\"overlay_link\":true,\"class\":\"\",\"id\":\"overlay-text-light-left-center\",\"image_min_height\":\"300\",\"image_alt\":\"forest floor with sun peaking through trees\",\"image_height\":\"704\"}}]}]}],\"name\":\"Hero\"},{\"type\":\"section\",\"props\":{\"style\":\"default\",\"width\":\"default\",\"vertical_align\":\"middle\",\"title_position\":\"top-left\",\"title_rotation\":\"left\",\"title_breakpoint\":\"xl\",\"image_position\":\"center-center\",\"padding\":\"small\",\"padding_remove_top\":true},\"children\":[{\"type\":\"row\",\"children\":[{\"type\":\"column\",\"props\":{\"position_sticky_breakpoint\":\"m\",\"image_position\":\"center-center\",\"media_overlay_gradient\":\"\"},\"children\":[{\"type\":\"text\",\"props\":{\"margin\":\"default\",\"column_breakpoint\":\"m\",\"content\":\"[woocommerce_my_account]\"}}]}]}],\"name\":\"Account\"}],\"version\":\"2.7.22\"} --><\/p>\n","protected":false},"excerpt":{"rendered":"<p>Mon compte<\/p>\n","protected":false},"author":1,"featured_media":0,"parent":0,"menu_order":0,"comment_status":"closed","ping_status":"closed","template":"","meta":{"footnotes":""},"class_list":["post-2099","page","type-page","status-publish","hentry"],"yoast_head":"<!-- This site is optimized with the Yoast SEO plugin v27.4 - https:\/\/yoast.com\/product\/yoast-seo-wordpress\/ -->\n<title>Mon Compte | Ken Capling Outdoors | Cr\u00e9ez Votre Compte<\/title>\n<meta name=\"description\" content=\"Les Moose Mags de KC sont fabriqu\u00e9s \u00e0 la main et con\u00e7us individuellement par le champion du monde Moose Caller Ken Capling.\" \/>\n<meta name=\"robots\" content=\"index, follow, max-snippet:-1, max-image-preview:large, max-video-preview:-1\" \/>\n<link rel=\"canonical\" href=\"https:\/\/kencapling.com\/fr\/my-account\/\" \/>\n<meta property=\"og:locale\" content=\"fr_FR\" \/>\n<meta property=\"og:type\" content=\"article\" \/>\n<meta property=\"og:title\" content=\"Mon Compte | Ken Capling Outdoors | Cr\u00e9ez Votre Compte\" \/>\n<meta property=\"og:description\" content=\"Les Moose Mags de KC sont fabriqu\u00e9s \u00e0 la main et con\u00e7us individuellement par le champion du monde Moose Caller Ken Capling.\" \/>\n<meta property=\"og:url\" content=\"https:\/\/kencapling.com\/fr\/my-account\/\" \/>\n<meta property=\"og:site_name\" content=\"Ken Capling Outdoors\" \/>\n<meta property=\"article:modified_time\" content=\"2022-09-08T01:29:34+00:00\" \/>\n<meta name=\"twitter:card\" content=\"summary_large_image\" \/>\n<meta name=\"twitter:label1\" content=\"Dur\u00e9e de lecture estim\u00e9e\" \/>\n\t<meta name=\"twitter:data1\" content=\"1 minute\" \/>\n<script type=\"application\/ld+json\" class=\"yoast-schema-graph\">{\"@context\":\"https:\\\/\\\/schema.org\",\"@graph\":[{\"@type\":\"WebPage\",\"@id\":\"https:\\\/\\\/kencapling.com\\\/fr\\\/my-account\\\/\",\"url\":\"https:\\\/\\\/kencapling.com\\\/fr\\\/my-account\\\/\",\"name\":\"Mon Compte | Ken Capling Outdoors | Cr\u00e9ez Votre Compte\",\"isPartOf\":{\"@id\":\"https:\\\/\\\/kencapling.com\\\/fr\\\/#website\"},\"datePublished\":\"2022-07-12T18:53:53+00:00\",\"dateModified\":\"2022-09-08T01:29:34+00:00\",\"description\":\"Les Moose Mags de KC sont fabriqu\u00e9s \u00e0 la main et con\u00e7us individuellement par le champion du monde Moose Caller Ken Capling.\",\"breadcrumb\":{\"@id\":\"https:\\\/\\\/kencapling.com\\\/fr\\\/my-account\\\/#breadcrumb\"},\"inLanguage\":\"fr-FR\",\"potentialAction\":[{\"@type\":\"ReadAction\",\"target\":[\"https:\\\/\\\/kencapling.com\\\/fr\\\/my-account\\\/\"]}]},{\"@type\":\"BreadcrumbList\",\"@id\":\"https:\\\/\\\/kencapling.com\\\/fr\\\/my-account\\\/#breadcrumb\",\"itemListElement\":[{\"@type\":\"ListItem\",\"position\":1,\"name\":\"Home\",\"item\":\"https:\\\/\\\/kencapling.com\\\/fr\\\/\"},{\"@type\":\"ListItem\",\"position\":2,\"name\":\"Mon Compte\"}]},{\"@type\":\"WebSite\",\"@id\":\"https:\\\/\\\/kencapling.com\\\/fr\\\/#website\",\"url\":\"https:\\\/\\\/kencapling.com\\\/fr\\\/\",\"name\":\"Ken Capling Outdoors\",\"description\":\"The World&#039;s Best Moose Call\",\"potentialAction\":[{\"@type\":\"SearchAction\",\"target\":{\"@type\":\"EntryPoint\",\"urlTemplate\":\"https:\\\/\\\/kencapling.com\\\/fr\\\/?s={search_term_string}\"},\"query-input\":{\"@type\":\"PropertyValueSpecification\",\"valueRequired\":true,\"valueName\":\"search_term_string\"}}],\"inLanguage\":\"fr-FR\"}]}<\/script>\n<!-- \/ Yoast SEO plugin. -->","yoast_head_json":{"title":"Mon Compte | Ken Capling Outdoors | Cr\u00e9ez Votre Compte","description":"Les Moose Mags de KC sont fabriqu\u00e9s \u00e0 la main et con\u00e7us individuellement par le champion du monde Moose Caller Ken Capling.","robots":{"index":"index","follow":"follow","max-snippet":"max-snippet:-1","max-image-preview":"max-image-preview:large","max-video-preview":"max-video-preview:-1"},"canonical":"https:\/\/kencapling.com\/fr\/my-account\/","og_locale":"fr_FR","og_type":"article","og_title":"Mon Compte | Ken Capling Outdoors | Cr\u00e9ez Votre Compte","og_description":"Les Moose Mags de KC sont fabriqu\u00e9s \u00e0 la main et con\u00e7us individuellement par le champion du monde Moose Caller Ken Capling.","og_url":"https:\/\/kencapling.com\/fr\/my-account\/","og_site_name":"Ken Capling Outdoors","article_modified_time":"2022-09-08T01:29:34+00:00","twitter_card":"summary_large_image","twitter_misc":{"Dur\u00e9e de lecture estim\u00e9e":"1 minute"},"schema":{"@context":"https:\/\/schema.org","@graph":[{"@type":"WebPage","@id":"https:\/\/kencapling.com\/fr\/my-account\/","url":"https:\/\/kencapling.com\/fr\/my-account\/","name":"Mon Compte | Ken Capling Outdoors | Cr\u00e9ez Votre Compte","isPartOf":{"@id":"https:\/\/kencapling.com\/fr\/#website"},"datePublished":"2022-07-12T18:53:53+00:00","dateModified":"2022-09-08T01:29:34+00:00","description":"Les Moose Mags de KC sont fabriqu\u00e9s \u00e0 la main et con\u00e7us individuellement par le champion du monde Moose Caller Ken Capling.","breadcrumb":{"@id":"https:\/\/kencapling.com\/fr\/my-account\/#breadcrumb"},"inLanguage":"fr-FR","potentialAction":[{"@type":"ReadAction","target":["https:\/\/kencapling.com\/fr\/my-account\/"]}]},{"@type":"BreadcrumbList","@id":"https:\/\/kencapling.com\/fr\/my-account\/#breadcrumb","itemListElement":[{"@type":"ListItem","position":1,"name":"Home","item":"https:\/\/kencapling.com\/fr\/"},{"@type":"ListItem","position":2,"name":"Mon Compte"}]},{"@type":"WebSite","@id":"https:\/\/kencapling.com\/fr\/#website","url":"https:\/\/kencapling.com\/fr\/","name":"Ken Capling Outdoors","description":"The World&#039;s Best Moose Call","potentialAction":[{"@type":"SearchAction","target":{"@type":"EntryPoint","urlTemplate":"https:\/\/kencapling.com\/fr\/?s={search_term_string}"},"query-input":{"@type":"PropertyValueSpecification","valueRequired":true,"valueName":"search_term_string"}}],"inLanguage":"fr-FR"}]}},"_links":{"self":[{"href":"https:\/\/kencapling.com\/fr\/wp-json\/wp\/v2\/pages\/2099","targetHints":{"allow":["GET"]}}],"collection":[{"href":"https:\/\/kencapling.com\/fr\/wp-json\/wp\/v2\/pages"}],"about":[{"href":"https:\/\/kencapling.com\/fr\/wp-json\/wp\/v2\/types\/page"}],"author":[{"embeddable":true,"href":"https:\/\/kencapling.com\/fr\/wp-json\/wp\/v2\/users\/1"}],"replies":[{"embeddable":true,"href":"https:\/\/kencapling.com\/fr\/wp-json\/wp\/v2\/comments?post=2099"}],"version-history":[{"count":3,"href":"https:\/\/kencapling.com\/fr\/wp-json\/wp\/v2\/pages\/2099\/revisions"}],"predecessor-version":[{"id":2125,"href":"https:\/\/kencapling.com\/fr\/wp-json\/wp\/v2\/pages\/2099\/revisions\/2125"}],"wp:attachment":[{"href":"https:\/\/kencapling.com\/fr\/wp-json\/wp\/v2\/media?parent=2099"}],"curies":[{"name":"wp","href":"https:\/\/api.w.org\/{rel}","templated":true}]}}